{"id":6852,"date":"2023-03-19T12:07:53","date_gmt":"2023-03-19T11:07:53","guid":{"rendered":"https:\/\/naturalsurflodge.sitededev.fr\/politique-de-confidentialite-anglais\/"},"modified":"2023-03-20T18:15:39","modified_gmt":"2023-03-20T17:15:39","slug":"privacy-policy","status":"publish","type":"page","link":"https:\/\/naturalsurflodge.sitededev.fr\/en\/privacy-policy\/","title":{"rendered":"Privacy policy"},"content":{"rendered":"<div id=\"cs-content\" class=\"cs-content\"><\/div>\n","protected":false},"excerpt":{"rendered":"<p>Politique de confidentialit\u00e9Qui sommes-nous ? L\u2019adresse de notre site Web est : https:\/\/naturalsurflodge.sitededev.fr\/en\/ Utilisation des donn\u00e9es personnelles collect\u00e9es Commentaires Quand vous laissez un commentaire sur notre site web, les donn\u00e9es inscrites dans le formulaire de commentaire, mais aussi votre adresse IP et l\u2019agent utilisateur de votre navigateur sont collect\u00e9s pour nous aider \u00e0 la d\u00e9tection des commentaires ind\u00e9sirables. Une cha\u00eene &#8230; <\/p>\n<div><a href=\"https:\/\/naturalsurflodge.sitededev.fr\/en\/privacy-policy\/\" class=\"more-link\">Lire la suite<\/a><\/div>\n","protected":false},"author":31,"featured_media":0,"parent":0,"menu_order":0,"comment_status":"closed","ping_status":"closed","template":"template-blank-4.php","meta":{"footnotes":""},"class_list":["post-6852","page","type-page","status-publish","hentry","no-post-thumbnail"],"yoast_head":"<!-- This site is optimized with the Yoast SEO plugin v27.5 - https:\/\/yoast.com\/product\/yoast-seo-wordpress\/ -->\n<title>Privacy policy | Natural Surf Lodge<\/title>\n<meta name=\"robots\" content=\"index, follow, max-snippet:-1, max-image-preview:large, max-video-preview:-1\" \/>\n<link rel=\"canonical\" href=\"https:\/\/naturalsurflodge.sitededev.fr\/en\/privacy-policy\/\" \/>\n<meta property=\"og:locale\" content=\"en_US\" \/>\n<meta property=\"og:type\" content=\"article\" \/>\n<meta property=\"og:title\" content=\"Privacy policy | Natural Surf Lodge\" \/>\n<meta property=\"og:description\" content=\"Politique de confidentialit\u00e9Qui sommes-nous ? L\u2019adresse de notre site Web est : https:\/\/naturalsurflodge.sitededev.fr\/en\/ Utilisation des donn\u00e9es personnelles collect\u00e9es Commentaires Quand vous laissez un commentaire sur notre site web, les donn\u00e9es inscrites dans le formulaire de commentaire, mais aussi votre adresse IP et l\u2019agent utilisateur de votre navigateur sont collect\u00e9s pour nous aider \u00e0 la d\u00e9tection des commentaires ind\u00e9sirables. Une cha\u00eene ... Lire la suite\" \/>\n<meta property=\"og:url\" content=\"https:\/\/naturalsurflodge.sitededev.fr\/en\/privacy-policy\/\" \/>\n<meta property=\"og:site_name\" content=\"Natural Surf Lodge\" \/>\n<meta property=\"article:modified_time\" content=\"2023-03-20T17:15:39+00:00\" \/>\n<meta property=\"og:image\" content=\"https:\/\/naturalsurflodge.sitededev.fr\/wp-content\/uploads\/2022\/12\/social_fallback-Natural-Surf-Lodge.png\" \/>\n\t<meta property=\"og:image:width\" content=\"1200\" \/>\n\t<meta property=\"og:image:height\" content=\"630\" \/>\n\t<meta property=\"og:image:type\" content=\"image\/png\" \/>\n<meta name=\"twitter:card\" content=\"summary_large_image\" \/>\n<meta name=\"twitter:label1\" content=\"Est. reading time\" \/>\n\t<meta name=\"twitter:data1\" content=\"8 minutes\" \/>\n<script type=\"application\/ld+json\" class=\"yoast-schema-graph\">{\"@context\":\"https:\\\/\\\/schema.org\",\"@graph\":[{\"@type\":\"WebPage\",\"@id\":\"https:\\\/\\\/naturalsurflodge.sitededev.fr\\\/en\\\/privacy-policy\\\/\",\"url\":\"https:\\\/\\\/naturalsurflodge.sitededev.fr\\\/en\\\/privacy-policy\\\/\",\"name\":\"Privacy policy | Natural Surf Lodge\",\"isPartOf\":{\"@id\":\"https:\\\/\\\/naturalsurflodge.sitededev.fr\\\/en\\\/#website\"},\"datePublished\":\"2023-03-19T11:07:53+00:00\",\"dateModified\":\"2023-03-20T17:15:39+00:00\",\"breadcrumb\":{\"@id\":\"https:\\\/\\\/naturalsurflodge.sitededev.fr\\\/en\\\/privacy-policy\\\/#breadcrumb\"},\"inLanguage\":\"en-US\",\"potentialAction\":[{\"@type\":\"ReadAction\",\"target\":[\"https:\\\/\\\/naturalsurflodge.sitededev.fr\\\/en\\\/privacy-policy\\\/\"]}]},{\"@type\":\"BreadcrumbList\",\"@id\":\"https:\\\/\\\/naturalsurflodge.sitededev.fr\\\/en\\\/privacy-policy\\\/#breadcrumb\",\"itemListElement\":[{\"@type\":\"ListItem\",\"position\":1,\"name\":\"Accueil\",\"item\":\"https:\\\/\\\/naturalsurflodge.sitededev.fr\\\/en\\\/home\\\/\"},{\"@type\":\"ListItem\",\"position\":2,\"name\":\"Privacy policy\"}]},{\"@type\":\"WebSite\",\"@id\":\"https:\\\/\\\/naturalsurflodge.sitededev.fr\\\/en\\\/#website\",\"url\":\"https:\\\/\\\/naturalsurflodge.sitededev.fr\\\/en\\\/\",\"name\":\"Natural Surf Lodge\",\"description\":\"Surf camp en pleine nature \u00e0 Seignosse pour enfants &amp; adultes\",\"publisher\":{\"@id\":\"https:\\\/\\\/naturalsurflodge.sitededev.fr\\\/en\\\/#organization\"},\"potentialAction\":[{\"@type\":\"SearchAction\",\"target\":{\"@type\":\"EntryPoint\",\"urlTemplate\":\"https:\\\/\\\/naturalsurflodge.sitededev.fr\\\/en\\\/?s={search_term_string}\"},\"query-input\":{\"@type\":\"PropertyValueSpecification\",\"valueRequired\":true,\"valueName\":\"search_term_string\"}}],\"inLanguage\":\"en-US\"},{\"@type\":\"Organization\",\"@id\":\"https:\\\/\\\/naturalsurflodge.sitededev.fr\\\/en\\\/#organization\",\"name\":\"Natural Surf Lodge\",\"alternateName\":\"Natural Surf Lodge\",\"url\":\"https:\\\/\\\/naturalsurflodge.sitededev.fr\\\/en\\\/\",\"logo\":{\"@type\":\"ImageObject\",\"inLanguage\":\"en-US\",\"@id\":\"https:\\\/\\\/naturalsurflodge.sitededev.fr\\\/en\\\/#\\\/schema\\\/logo\\\/image\\\/\",\"url\":\"https:\\\/\\\/naturalsurflodge.sitededev.fr\\\/wp-content\\\/uploads\\\/2022\\\/12\\\/logo-natural-surf-lodge.png\",\"contentUrl\":\"https:\\\/\\\/naturalsurflodge.sitededev.fr\\\/wp-content\\\/uploads\\\/2022\\\/12\\\/logo-natural-surf-lodge.png\",\"width\":398,\"height\":274,\"caption\":\"Natural Surf Lodge\"},\"image\":{\"@id\":\"https:\\\/\\\/naturalsurflodge.sitededev.fr\\\/en\\\/#\\\/schema\\\/logo\\\/image\\\/\"}}]}<\/script>\n<!-- \/ Yoast SEO plugin. -->","yoast_head_json":{"title":"Privacy policy | Natural Surf Lodge","robots":{"index":"index","follow":"follow","max-snippet":"max-snippet:-1","max-image-preview":"max-image-preview:large","max-video-preview":"max-video-preview:-1"},"canonical":"https:\/\/naturalsurflodge.sitededev.fr\/en\/privacy-policy\/","og_locale":"en_US","og_type":"article","og_title":"Privacy policy | Natural Surf Lodge","og_description":"Politique de confidentialit\u00e9Qui sommes-nous ? L\u2019adresse de notre site Web est : https:\/\/naturalsurflodge.sitededev.fr\/en\/ Utilisation des donn\u00e9es personnelles collect\u00e9es Commentaires Quand vous laissez un commentaire sur notre site web, les donn\u00e9es inscrites dans le formulaire de commentaire, mais aussi votre adresse IP et l\u2019agent utilisateur de votre navigateur sont collect\u00e9s pour nous aider \u00e0 la d\u00e9tection des commentaires ind\u00e9sirables. Une cha\u00eene ... Lire la suite","og_url":"https:\/\/naturalsurflodge.sitededev.fr\/en\/privacy-policy\/","og_site_name":"Natural Surf Lodge","article_modified_time":"2023-03-20T17:15:39+00:00","og_image":[{"width":1200,"height":630,"url":"https:\/\/naturalsurflodge.sitededev.fr\/wp-content\/uploads\/2022\/12\/social_fallback-Natural-Surf-Lodge.png","type":"image\/png"}],"twitter_card":"summary_large_image","twitter_misc":{"Est. reading time":"8 minutes"},"schema":{"@context":"https:\/\/schema.org","@graph":[{"@type":"WebPage","@id":"https:\/\/naturalsurflodge.sitededev.fr\/en\/privacy-policy\/","url":"https:\/\/naturalsurflodge.sitededev.fr\/en\/privacy-policy\/","name":"Privacy policy | Natural Surf Lodge","isPartOf":{"@id":"https:\/\/naturalsurflodge.sitededev.fr\/en\/#website"},"datePublished":"2023-03-19T11:07:53+00:00","dateModified":"2023-03-20T17:15:39+00:00","breadcrumb":{"@id":"https:\/\/naturalsurflodge.sitededev.fr\/en\/privacy-policy\/#breadcrumb"},"inLanguage":"en-US","potentialAction":[{"@type":"ReadAction","target":["https:\/\/naturalsurflodge.sitededev.fr\/en\/privacy-policy\/"]}]},{"@type":"BreadcrumbList","@id":"https:\/\/naturalsurflodge.sitededev.fr\/en\/privacy-policy\/#breadcrumb","itemListElement":[{"@type":"ListItem","position":1,"name":"Accueil","item":"https:\/\/naturalsurflodge.sitededev.fr\/en\/home\/"},{"@type":"ListItem","position":2,"name":"Privacy policy"}]},{"@type":"WebSite","@id":"https:\/\/naturalsurflodge.sitededev.fr\/en\/#website","url":"https:\/\/naturalsurflodge.sitededev.fr\/en\/","name":"Natural Surf Lodge","description":"Surf camp en pleine nature \u00e0 Seignosse pour enfants &amp; adultes","publisher":{"@id":"https:\/\/naturalsurflodge.sitededev.fr\/en\/#organization"},"potentialAction":[{"@type":"SearchAction","target":{"@type":"EntryPoint","urlTemplate":"https:\/\/naturalsurflodge.sitededev.fr\/en\/?s={search_term_string}"},"query-input":{"@type":"PropertyValueSpecification","valueRequired":true,"valueName":"search_term_string"}}],"inLanguage":"en-US"},{"@type":"Organization","@id":"https:\/\/naturalsurflodge.sitededev.fr\/en\/#organization","name":"Natural Surf Lodge","alternateName":"Natural Surf Lodge","url":"https:\/\/naturalsurflodge.sitededev.fr\/en\/","logo":{"@type":"ImageObject","inLanguage":"en-US","@id":"https:\/\/naturalsurflodge.sitededev.fr\/en\/#\/schema\/logo\/image\/","url":"https:\/\/naturalsurflodge.sitededev.fr\/wp-content\/uploads\/2022\/12\/logo-natural-surf-lodge.png","contentUrl":"https:\/\/naturalsurflodge.sitededev.fr\/wp-content\/uploads\/2022\/12\/logo-natural-surf-lodge.png","width":398,"height":274,"caption":"Natural Surf Lodge"},"image":{"@id":"https:\/\/naturalsurflodge.sitededev.fr\/en\/#\/schema\/logo\/image\/"}}]}},"_links":{"self":[{"href":"https:\/\/naturalsurflodge.sitededev.fr\/en\/wp-json\/wp\/v2\/pages\/6852","targetHints":{"allow":["GET"]}}],"collection":[{"href":"https:\/\/naturalsurflodge.sitededev.fr\/en\/wp-json\/wp\/v2\/pages"}],"about":[{"href":"https:\/\/naturalsurflodge.sitededev.fr\/en\/wp-json\/wp\/v2\/types\/page"}],"author":[{"embeddable":true,"href":"https:\/\/naturalsurflodge.sitededev.fr\/en\/wp-json\/wp\/v2\/users\/31"}],"replies":[{"embeddable":true,"href":"https:\/\/naturalsurflodge.sitededev.fr\/en\/wp-json\/wp\/v2\/comments?post=6852"}],"version-history":[{"count":5,"href":"https:\/\/naturalsurflodge.sitededev.fr\/en\/wp-json\/wp\/v2\/pages\/6852\/revisions"}],"predecessor-version":[{"id":6944,"href":"https:\/\/naturalsurflodge.sitededev.fr\/en\/wp-json\/wp\/v2\/pages\/6852\/revisions\/6944"}],"wp:attachment":[{"href":"https:\/\/naturalsurflodge.sitededev.fr\/en\/wp-json\/wp\/v2\/media?parent=6852"}],"curies":[{"name":"wp","href":"https:\/\/api.w.org\/{rel}","templated":true}]}}